{"id":91,"date":"2015-04-14T17:19:09","date_gmt":"2015-04-14T17:19:09","guid":{"rendered":"http:\/\/miroise.org\/GparADN\/?page_id=91"},"modified":"2025-12-17T16:33:55","modified_gmt":"2025-12-17T21:33:55","slug":"rubriques-de-ce-site","status":"publish","type":"page","link":"http:\/\/miroise.org\/GparADN\/","title":{"rendered":"*\u00c0 propos"},"content":{"rendered":"\n<p class=\"has-small-font-size\">Il me fera plaisir de vous aider personnellement et de vous conseiller dans le choix et l&rsquo;interpr\u00e9tation des r\u00e9sultats de tests.<\/p>\n\n\n\n<p class=\"has-small-font-size\">Voici quelques textes qui pourront vous introduire \u00e0 l&rsquo;utilisation de l&rsquo;ADN \u00e0 des <kbd>fins de g\u00e9n\u00e9alogie.<\/kbd><\/p>\n\n\n\n<p class=\"has-small-font-size\">Il est souhaitable d&rsquo;avoir des bases au moins \u00e9l\u00e9mentaires en biologie de la reproduction et de la g\u00e9n\u00e9tique pour facilement comprendre. Si vous ne les poss\u00e9dez pas, ce serait le moment de les acqu\u00e9rir.<\/p>\n\n\n\n<p class=\"has-small-font-size\">Si vous r\u00e9f\u00e9rez ou citez un des textes du pr\u00e9sent site Cerbere.ca prenez la peine de mentionner le nom de l&rsquo;auteur et de faire un renvoi URL au texte original qui se trouve sur le pr\u00e9sent site.<\/p>\n\n\n\n<p class=\"has-small-font-size\">Merci de l&rsquo;int\u00e9r\u00eat que vous portez \u00e0 la g\u00e9n\u00e9alogie par ADN qui vient changer d\u00e9finitivement la g\u00e9n\u00e9alogie pour en faire une v\u00e9ritable science.<\/p>\n\n\n\n<p class=\"has-small-font-size\">Cordialement,<\/p>\n\n\n\n<p class=\"has-small-font-size\"><strong>Jacques P. Beaugrand<\/strong>, Ph.D.<\/p>\n\n\n\n<p class=\"has-small-font-size\">M\u00e9l: &nbsp;<a href=\"mailto:beaugrand.jacques@uqam.ca\">beaugrand.jacques@uqam.ca<\/a><\/p>\n\n\n\n<p class=\"has-small-font-size\">Ma page Face Book<br><a href=\"https:\/\/www.facebook.com\/beaugrandpjacques\">https:\/\/www.facebook.com\/beaugrandpjacques<\/a><\/p>\n\n\n\n<p class=\"has-small-font-size\"><br><strong>Forums Facebook sur la g\u00e9n\u00e9alogie par ADN<\/strong><br><br>1- Forum sur l&rsquo;ADN en g\u00e9n\u00e9ral et sur le partage de segments d&rsquo;ADN autosomal et du chromosome X:  <a href=\"https:\/\/www.facebook.com\/groups\/genealogie.ADN\/\">https:\/\/www.facebook.com\/groups\/genealogie.ADN\/<\/a><br><br>2- Forum sur l&rsquo;ADN-Y et ADN-mt: <a rel=\"noreferrer noopener\" href=\"https:\/\/www.facebook.com\/groups\/366882290557033\" target=\"_blank\">https:\/\/www.facebook.com\/groups\/366882290557033<\/a><\/p>\n\n\n\n<p class=\"has-small-font-size\">3- Forum sur l&rsquo;ADN ancien: <a rel=\"noreferrer noopener\" href=\"https:\/\/www.facebook.com\/groups\/913496852165958\" target=\"_blank\">https:\/\/www.facebook.com\/groups\/913496852165958<\/a><\/p>\n\n\n\n<p class=\"has-small-font-size\">4- Forum du projet \u00ab\u00a0French Heritage\u00a0\u00bb (en anglais): <a rel=\"noreferrer noopener\" href=\"https:\/\/www.facebook.com\/groups\/frenchDNA\" target=\"_blank\">https:\/\/www.facebook.com\/groups\/frenchDNA<\/a><\/p>\n\n\n\n<p class=\"has-small-font-size\">5- Forum sur la G\u00e9nomique personnelle: <a rel=\"noreferrer noopener\" href=\"https:\/\/www.facebook.com\/groups\/735014130315805\" target=\"_blank\">https:\/\/www.facebook.com\/groups\/735014130315805<\/a><br>6- Forum sur l&rsquo;haplogroupe ADN-mt H7 (en anglais): <a rel=\"noreferrer noopener\" href=\"https:\/\/www.facebook.com\/groups\/H7.Haplogroup\" target=\"_blank\">https:\/\/www.facebook.com\/groups\/H7.Haplogroup<\/a><br><br>J&rsquo;offre aussi des services de g\u00e9n\u00e9alogie par ADN d\u00e9crits \u00e0 <a href=\"https:\/\/adnproxy.ca\">https:\/\/adnproxy.ca<\/a> \u00e0 ceux et celles qui souhaitent se faire tester pour leur ADN, tout en demeurant dans l&rsquo;anonymat. <\/p>\n\n\n\n<figure class=\"wp-block-image\"><img decoding=\"async\" loading=\"lazy\" width=\"1153\" height=\"689\" src=\"https:\/\/miroise.org\/GparADN\/wp-content\/uploads\/2021\/04\/image.png\" alt=\"\" class=\"wp-image-1726\" srcset=\"http:\/\/miroise.org\/GparADN\/wp-content\/uploads\/2021\/04\/image.png 1153w, http:\/\/miroise.org\/GparADN\/wp-content\/uploads\/2021\/04\/image-300x179.png 300w, http:\/\/miroise.org\/GparADN\/wp-content\/uploads\/2021\/04\/image-1024x612.png 1024w, http:\/\/miroise.org\/GparADN\/wp-content\/uploads\/2021\/04\/image-768x459.png 768w\" sizes=\"(max-width: 1153px) 100vw, 1153px\" \/><\/figure>\n","protected":false},"excerpt":{"rendered":"<p>Il me fera plaisir de vous aider personnellement et de vous conseiller dans le choix et l&rsquo;interpr\u00e9tation des r\u00e9sultats de tests. Voici quelques textes qui pourront vous introduire \u00e0 l&rsquo;utilisation de l&rsquo;ADN \u00e0 des fins de g\u00e9n\u00e9alogie. Il est souhaitable d&rsquo;avoir des bases au moins \u00e9l\u00e9mentaires en biologie de la reproduction et de la g\u00e9n\u00e9tique [&hellip;]<\/p>\n","protected":false},"author":1,"featured_media":0,"parent":0,"menu_order":1,"comment_status":"closed","ping_status":"closed","template":"","meta":[],"_links":{"self":[{"href":"http:\/\/miroise.org\/GparADN\/wp-json\/wp\/v2\/pages\/91"}],"collection":[{"href":"http:\/\/miroise.org\/GparADN\/wp-json\/wp\/v2\/pages"}],"about":[{"href":"http:\/\/miroise.org\/GparADN\/wp-json\/wp\/v2\/types\/page"}],"author":[{"embeddable":true,"href":"http:\/\/miroise.org\/GparADN\/wp-json\/wp\/v2\/users\/1"}],"replies":[{"embeddable":true,"href":"http:\/\/miroise.org\/GparADN\/wp-json\/wp\/v2\/comments?post=91"}],"version-history":[{"count":74,"href":"http:\/\/miroise.org\/GparADN\/wp-json\/wp\/v2\/pages\/91\/revisions"}],"predecessor-version":[{"id":1846,"href":"http:\/\/miroise.org\/GparADN\/wp-json\/wp\/v2\/pages\/91\/revisions\/1846"}],"wp:attachment":[{"href":"http:\/\/miroise.org\/GparADN\/wp-json\/wp\/v2\/media?parent=91"}],"curies":[{"name":"wp","href":"https:\/\/api.w.org\/{rel}","templated":true}]}}