{"id":264,"date":"2015-07-30T07:30:11","date_gmt":"2015-07-30T01:30:11","guid":{"rendered":"http:\/\/miroise.org\/mespages\/?page_id=264"},"modified":"2019-03-24T01:15:08","modified_gmt":"2019-03-23T19:15:08","slug":"adnybeaugrand","status":"publish","type":"page","link":"http:\/\/miroise.org\/mespages\/index.php\/adnybeaugrand\/","title":{"rendered":"L&rsquo;ADN du chromosome Y des BEAUGRAND-CHAMPAGNE"},"content":{"rendered":"<p>Cette chronique fait le point sur ce que l&rsquo;\u00e9tude de l&rsquo;ADN du chromosome Y d&rsquo;hommes BEAUGRAND-CHAMPAGNE, descendants de Jean BOUGEREN dit CHAPAGNE nous a appris au sujet de nos anc\u00eatres.<\/p>\n<p>-0-0-<\/p>\n<p>La signature du chromosome Y (ADN-Y) des hommes BEAUGRAND-CHAMPAGNE (BC) a \u00e9t\u00e9 d\u00e9crite et caract\u00e9ris\u00e9e \u00e0 deux niveaux. Le premier concerne le polymorphisme de r\u00e9p\u00e9tition, celui obtenu par l&rsquo;observation des microsatellites de type STR (pour <em>Short Tandem Repeat<\/em>). Les microsatellites sont des motifs r\u00e9p\u00e9t\u00e9s que l&rsquo;on retrouve dans l&rsquo;ADN \u00e0 des endroits bien pr\u00e9cis. Ces motifs sont d\u00e9nombr\u00e9s et servent de marqueurs caract\u00e9ristiques. Pour en savoir davantage sur les microsatellites consulter mes chroniques sur l&rsquo;ADN \u00e0\u00a0<a href=\"http:\/\/miroise.org\/GparADN\/?s=microsatellites\">http:\/\/miroise.org\/GparADN\/?s=microsatellites<\/a><\/p>\n<p>La signature ADN-Y des BC est la suivante sur les 12 premiers marqueurs STR:<\/p>\n<p><a href=\"http:\/\/miroise.org\/mespages\/wp-content\/uploads\/2015\/05\/signature-beaugrand.jpg\"><img decoding=\"async\" loading=\"lazy\" class=\"alignnone size-medium wp-image-82\" src=\"http:\/\/miroise.org\/mespages\/wp-content\/uploads\/2015\/05\/signature-beaugrand-300x149.jpg\" alt=\"signature-beaugrand\" width=\"300\" height=\"149\" srcset=\"http:\/\/miroise.org\/mespages\/wp-content\/uploads\/2015\/05\/signature-beaugrand-300x149.jpg 300w, http:\/\/miroise.org\/mespages\/wp-content\/uploads\/2015\/05\/signature-beaugrand.jpg 565w\" sizes=\"(max-width: 300px) 100vw, 300px\" \/><\/a><\/p>\n<p>Les 7 hommes BC test\u00e9s et analys\u00e9s ne pr\u00e9sentent aucune variations sur les 12 premiers marqueurs. \u00a0Ces signatures sont affich\u00e9es pour davantage de marqueurs sur le site patronymique BEAUGRAND \u00e0 Family Tree DNA (FTDNA) \u00a0\u00e0 l&rsquo;URL <a href=\"http:\/\/bit.ly\/1MyFBMm\" target=\"_blank\" rel=\"noopener\">http:\/\/bit.ly\/1MyFBMm<\/a>\u00a0et quelques variations apparaissent sur un plus grand nombre de marqueurs.<\/p>\n<p>Comme on le verra sur ce site, \u00e0\u00a0ce jour, quatre lign\u00e9es de BEAUGRAND ou variantes ont \u00e9t\u00e9 identifi\u00e9es par l&rsquo;ADN. Chacune est caract\u00e9ris\u00e9e par une signature particuli\u00e8re qui la distingue des autres.<\/p>\n<p>L&rsquo;ADN-Y des\u00a0BC qui descendent de Jean BOUGEREN, soldat du r\u00e9giment de Carignan-Sali\u00e8res \u00e9tabli au Canada, appartient \u00e0 l&rsquo;haplogroupe majeur R. \u00a0Celui des BEAUGRAND de Normandie appartient \u00e0 l&rsquo;haplogroupe I. \u00a0D&rsquo;autres BOGRAN montrent aussi des signatures STR caract\u00e9ristiques, bien qu&rsquo;appartenant au m\u00eame grand haplogroupe que celui auquel appartient l&rsquo;ADN-Y des BC. Mais les valeurs prises par les marqueurs sont diff\u00e9rentes et les en distinguent.<\/p>\n<p>L&rsquo;objectif en soumettant des hommes BC \u00e0 des tests d&rsquo;ADN-Y \u00e9tait d&rsquo;en apprendre un peu plus sur le lieu d&rsquo;origine de l&rsquo;anc\u00eatre Jean BOUGEREN en trouvant des europ\u00e9ens porteurs de la m\u00eame signature, du m\u00eame haplotype. \u00a0Or, je n&rsquo;ai \u00a0pas r\u00e9ussi \u00e0 trouver des signatures concordantes apr\u00e8s plus de 12 ans de recherche en France et en Belgique.<\/p>\n<p>Il reste cependant les BOUGARAN originaires de Bretagne \u00e0 faire tester. Les volontaires manquent \u00e0 l&rsquo;appel que je r\u00e9it\u00e8re sur les forums de g\u00e9n\u00e9alogie fran\u00e7ais.<\/p>\n<p>Les signatures STR qui appartiennent \u00e0 un m\u00eame haplogroupe peuvent \u00eatre compar\u00e9es les unes aux autres et ainsi r\u00e9v\u00e9ler leur degr\u00e9 d&rsquo;apparentement par rapport \u00e0 un anc\u00eatre commun qui aura v\u00e9cu il y a fort longtemps et qui est leur anc\u00eatre commun. \u00a0Mais pour \u00a0savoir si deux signatures appartiennent au m\u00eame haplogroupe il \u00a0faut conna\u00eetre le polymorphisme d&rsquo;\u00e9tat de chacune d&rsquo;elles. C&rsquo;est ce que nous allons voir maintenant.<\/p>\n<p>Le second niveau pouvant caract\u00e9riser une signature ADN-Y est celui qui correspond \u00e0 une description de son polymorphisme d&rsquo;\u00e9tat, polymorphisme produit par des mutations ponctuelles appel\u00e9e SNP, pour <em>Single Nucleotide Polymorphism. \u00a0<\/em>C&rsquo;est la pr\u00e9sence ou absence de ces SNP dans un type d&rsquo;ADN qui permet aux cladisticiens de contruire la taxonomie de cet ADN, taxonomie phylog\u00e9n\u00e9tique qui sert ensuite de r\u00e9f\u00e9rent pour classer et trouver l&rsquo;haplogroupe d&rsquo;appartenance d&rsquo;un ADN-Y particulier.<\/p>\n<p>L&rsquo;ADN-Y des BC contient de nombreuses mutations SNP qui permettent de d\u00e9terminer son haplogroupe d&rsquo;appartenance, sa position dans la taxonomie de l&rsquo;ADN-Y humain et de conna\u00eetre son histoire phylog\u00e9n\u00e9tique.<\/p>\n<p>Voici la structure de la classification de l&rsquo;ADN-Y humain.<\/p>\n<p><strong>(a)<\/strong><\/p>\n<p><a href=\"http:\/\/miroise.org\/mespages\/wp-content\/uploads\/2015\/07\/BeaugrandSNPM207.png\"><img decoding=\"async\" loading=\"lazy\" class=\"alignnone size-medium wp-image-281\" src=\"http:\/\/miroise.org\/mespages\/wp-content\/uploads\/2015\/07\/BeaugrandSNPM207-300x264.png\" alt=\"BeaugrandSNPM207\" width=\"300\" height=\"264\" srcset=\"http:\/\/miroise.org\/mespages\/wp-content\/uploads\/2015\/07\/BeaugrandSNPM207-300x264.png 300w, http:\/\/miroise.org\/mespages\/wp-content\/uploads\/2015\/07\/BeaugrandSNPM207.png 522w\" sizes=\"(max-width: 300px) 100vw, 300px\" \/><\/a><\/p>\n<p><strong>(b)<\/strong><\/p>\n<p><a href=\"http:\/\/miroise.org\/mespages\/wp-content\/uploads\/2015\/07\/BeaugrandSNPL2.png\"><img decoding=\"async\" loading=\"lazy\" class=\"alignnone size-medium wp-image-282\" src=\"http:\/\/miroise.org\/mespages\/wp-content\/uploads\/2015\/07\/BeaugrandSNPL2-300x269.png\" alt=\"BeaugrandSNPL2\" width=\"300\" height=\"269\" srcset=\"http:\/\/miroise.org\/mespages\/wp-content\/uploads\/2015\/07\/BeaugrandSNPL2-300x269.png 300w, http:\/\/miroise.org\/mespages\/wp-content\/uploads\/2015\/07\/BeaugrandSNPL2.png 557w\" sizes=\"(max-width: 300px) 100vw, 300px\" \/><\/a><\/p>\n<p><strong>(c)<\/strong><\/p>\n<p><a href=\"http:\/\/miroise.org\/mespages\/wp-content\/uploads\/2015\/07\/beaugrandL553.png\"><img decoding=\"async\" loading=\"lazy\" class=\"alignnone size-medium wp-image-279\" src=\"http:\/\/miroise.org\/mespages\/wp-content\/uploads\/2015\/07\/beaugrandL553-300x266.png\" alt=\"beaugrandL553\" width=\"300\" height=\"266\" \/><\/a><\/p>\n<p>&nbsp;<\/p>\n<p>La section (a) pr\u00e9sente la structure g\u00e9n\u00e9rale de la taxonomie de l&rsquo;ADN du chromosome Y humain. La section (b) est une prolongation de la branche M207 qui correspond \u00e0 la naissance de l&rsquo;haplogroupe majeur R auquel les BC appartiennent, tout comme de nos jours 69% des hommes d&rsquo;origine europ\u00e9enne occidentale. La section (c) prolonge l&rsquo;haplogroupe L2 et illustre les SNP plus sp\u00e9cifieques aux hommes BC. Chacune des structures (b) et (c) est donc en continuit\u00e9 avec la pr\u00e9c\u00e9dente.<\/p>\n<p>Les mutations SNP signal\u00e9es par un point vert sont pr\u00e9sentes dans l&rsquo;ADN-Y des hommes BC. \u00a0Cet ADN-Y\u00a0pr\u00e9sente donc toutes les mutations de la section (a), \u00a0partant des premiers hommes jusqu&rsquo;au SNP M173 qui le fait entrer dans l&rsquo;haplogroupe majeur R.<\/p>\n<p>Nous savons depuis 2008 que l&rsquo;ADN-Y des BC pr\u00e9sente les mutations U152 (S28) et L2. En fait mon ADN-Y a \u00e9t\u00e9 parmi les premiers d\u00e9clar\u00e9s S28 d\u00e9riv\u00e9 par la compagnie Ethno-Ancestry et quelques mois plus tard L2 f\u00e9riv\u00e9 par FamilyTreeDNA (FTDNA). Quant aux SNP\u00a0de la section (c), ils ont \u00e9t\u00e9 d\u00e9couverts plus r\u00e9cemment. \u00a0Ainsi L552 et L553 l&rsquo;ont \u00e9t\u00e9 en 2010 dans mon ADN-Y par Thomas KRAHN dans le cadre du programme Walk-Trough-the-Y de FTDNA.<\/p>\n<p>Sur le plan de sa phylog\u00e9n\u00e8se, l&rsquo;ADN-Y des\u00a0BC \u00a0se pr\u00e9sente comme \u00e9tant\u00a0R-U152&gt;L2&gt;Z49&gt;Z142&gt;Z150\/S7402&gt;(L552+L553+). \u00a0Ce sentier phylog\u00e9n\u00e9tique pourrait se lire comme suit: une mutation appel\u00e9e U152 est apparue chez le fils d&rsquo;un homme appartenant \u00e0 l&rsquo;haplogroupe R (R-M269). L&rsquo;un des descendants masculins de U152 eut un fils poss\u00e9dant la mutation L2. Puis l&rsquo;un des descendants masculins de L2 eut un fils Z49 et ainsi de suite, de mutation SNP en mutation SNP jusqu&rsquo;\u00e0 nous les L552+L553+.<\/p>\n<p>&nbsp;<\/p>\n<p>Les BC sont les descendants d&rsquo;une lign\u00e9e d&rsquo;hommes qui se transmettent de p\u00e8re en fils toutes les mutations \u00e9num\u00e9r\u00e9es plus haut, de U152 jusqu&rsquo;\u00e0 L553. \u00a0Nous ne savons pas encore d\u00e9finitivement si\u00a0L552 pr\u00e9c\u00e9da phylog\u00e9n\u00e9tiquement L553 ou l&rsquo;inverse.<\/p>\n<p>J&rsquo;ai soumis mes r\u00e9sultats du Big-Y \u00e0 une analyse ind\u00e9pendante effectu\u00e9e par YFull.com et le r\u00e9sultats peut \u00eatre visualis\u00e9 dans l&rsquo;arbre des R en allant \u00e0 <a href=\"http:\/\/www.yfull.com\/tree\/R1b\/\">http:\/\/www.yfull.com\/tree\/R1b\/<\/a> \u00a0\u00a0et en cherchant le cas YF02680 dans la structure illustr\u00e9e. La figure suivante est une fen\u00eatre sur le cas YF02680.<\/p>\n<p><a href=\"http:\/\/miroise.org\/mespages\/wp-content\/uploads\/2015\/07\/SNPposition20150729.png\"><img decoding=\"async\" loading=\"lazy\" class=\"alignnone wp-image-267\" src=\"http:\/\/miroise.org\/mespages\/wp-content\/uploads\/2015\/07\/SNPposition20150729-300x192.png\" alt=\"SNPposition20150729\" width=\"300\" height=\"192\" srcset=\"http:\/\/miroise.org\/mespages\/wp-content\/uploads\/2015\/07\/SNPposition20150729-300x192.png 300w, http:\/\/miroise.org\/mespages\/wp-content\/uploads\/2015\/07\/SNPposition20150729.png 577w\" sizes=\"(max-width: 300px) 100vw, 300px\" \/><\/a><\/p>\n<p>Dans la classification exp\u00e9rimentale de YFull, les r\u00e9sultats de BC appartiennent \u00e0 l&rsquo;haplogroupe R-S7402, un synonyme pour R-Z150. Comme l&rsquo;indique cette figure, le clade S7402 se subdivise en\u00a0deux sousclades connus, le \u00a0CTS9490\u00a0\u00a0et le\u00a0Y3140. Il s&rsquo;agit de deux SNP pour lesquels les BC ne sont pas d\u00e9riv\u00e9s selon mes r\u00e9sultats Big-Y et des analyses subs\u00e9quentes r\u00e9alis\u00e9es par la compagnie Yseq.com (7 sep 2014).<\/p>\n<p>Les SNP L552 et L553 ne sont pas pris en compte pour l&rsquo;instant par YFull.com mais le sont par FTDNA et l&rsquo;ISOGG dans la version du 27 juillet 2015.<\/p>\n<p>Suivant la notation nodale de l&rsquo;ISOGG, l&rsquo;haplogroupe des hommes BC serait soit R1b1a2a1a2b1c1b4\u00a0 (R-L553) ou \u00a0R1b1a2a1a2b1c1b5 (R-L552). \u00a0Ils s&rsquo;agit manifestement d&rsquo;hypoth\u00e8ses. L&rsquo;avenir pr\u00e9cisera laquelle des deux est naturelle.<\/p>\n<p>Il est possible que prochainement de nouveaux sousclades \u00e9mergent du SNP L552 qui est aussi pr\u00e9sent chez\u00a0d&rsquo;autres hommes que les BC.<\/p>\n<p>Savoir \u00e0 quel niveau se trouve l&rsquo;ADN-Y des hommes BC dans la taxonomie est une connaissance qui peut \u00eatre int\u00e9ressante en soi. Or, cette connaissance engendre d&rsquo;autres connaissances \u00e0 propos de la succession d&rsquo;anc\u00eatres conduisant aux BC, \u00e0 propos de l&rsquo;\u00e9poque \u00e0 laquelle ces anc\u00eatres v\u00e9curent et dans quelles r\u00e9gions cela s&rsquo;est produit, de m\u00eame qu&rsquo;\u00e0 propos des migrations que ces anc\u00eatres d\u00fbrent probablement entreprendre pour coloniser les r\u00e9gions successives o!u l&rsquo;on rencontre des hommes poss\u00e9dant les m\u00eames SNP. \u00a0De plus, la connaissance des SNP r\u00e9v\u00e8le quels sont les hommes de patronymes diff\u00e9rents qui poss\u00e8dent les m\u00eames SNP que les BC, qui appartiennent donc au m\u00eame haplogroupe qu&rsquo;eux et qui partagent obligatoirement avec les BC un anc\u00eatre commun qui pourra avoir v\u00e9cu relativement r\u00e9cemment.<\/p>\n<p>&nbsp;<\/p>\n<p>&nbsp;<\/p>\n<p>&nbsp;<\/p>\n","protected":false},"excerpt":{"rendered":"<p>Cette chronique fait le point sur ce que l&rsquo;\u00e9tude de l&rsquo;ADN du chromosome Y d&rsquo;hommes BEAUGRAND-CHAMPAGNE, descendants de Jean BOUGEREN dit CHAPAGNE nous a appris au sujet de nos anc\u00eatres. -0-0- La signature du chromosome Y (ADN-Y) des hommes BEAUGRAND-CHAMPAGNE (BC) a \u00e9t\u00e9 d\u00e9crite et caract\u00e9ris\u00e9e \u00e0 deux niveaux. Le premier concerne le polymorphisme de [&hellip;]<\/p>\n","protected":false},"author":1,"featured_media":0,"parent":0,"menu_order":0,"comment_status":"closed","ping_status":"open","template":"","meta":[],"_links":{"self":[{"href":"http:\/\/miroise.org\/mespages\/index.php\/wp-json\/wp\/v2\/pages\/264"}],"collection":[{"href":"http:\/\/miroise.org\/mespages\/index.php\/wp-json\/wp\/v2\/pages"}],"about":[{"href":"http:\/\/miroise.org\/mespages\/index.php\/wp-json\/wp\/v2\/types\/page"}],"author":[{"embeddable":true,"href":"http:\/\/miroise.org\/mespages\/index.php\/wp-json\/wp\/v2\/users\/1"}],"replies":[{"embeddable":true,"href":"http:\/\/miroise.org\/mespages\/index.php\/wp-json\/wp\/v2\/comments?post=264"}],"version-history":[{"count":25,"href":"http:\/\/miroise.org\/mespages\/index.php\/wp-json\/wp\/v2\/pages\/264\/revisions"}],"predecessor-version":[{"id":397,"href":"http:\/\/miroise.org\/mespages\/index.php\/wp-json\/wp\/v2\/pages\/264\/revisions\/397"}],"wp:attachment":[{"href":"http:\/\/miroise.org\/mespages\/index.php\/wp-json\/wp\/v2\/media?parent=264"}],"curies":[{"name":"wp","href":"https:\/\/api.w.org\/{rel}","templated":true}]}}