{"id":33,"date":"2015-05-10T05:59:11","date_gmt":"2015-05-10T05:59:11","guid":{"rendered":"http:\/\/miroise.org\/mespages\/?page_id=33"},"modified":"2015-07-28T07:59:25","modified_gmt":"2015-07-28T01:59:25","slug":"mesancetres","status":"publish","type":"page","link":"http:\/\/miroise.org\/mespages\/index.php\/mesancetres\/","title":{"rendered":"R\u00e9gions d&rsquo;origine de mes anc\u00eatres"},"content":{"rendered":"<p>D&rsquo;o\u00f9 vinrent mes anc\u00eatres des deux branches, les Beaugrand et les Savaria ? Une compilation des lieux d&rsquo;origine des deux lign\u00e9es pour chacun des membres des couples montre que la tr\u00e8s grande majorit\u00e9 de nos anc\u00eatres \u00e9tait originaire de la France. Les r\u00e9gions d&rsquo;origine sont report\u00e9es sur la figure suivante. Ainsi, 32% viennent des Charentes Maritimes (Larochelle) et du Poitou (Poitiers), 10% du pays de la Loire (Vend\u00e9e), 20% de la Normandie (Caen, Calvados), 10% du Centre (Orl\u00e9ans), 14% de l&rsquo;Isle de France (Paris), 3% de la Bretagne (Rennes), 3% de la Picardie (Amiens), 2% des Champagne-Ardennes (Aube).<\/p>\n<p>\n<a href=\"http:\/\/miroise.org\/mespages\/wp-content\/uploads\/2015\/05\/regionsdorigine.png\"><img decoding=\"async\" loading=\"lazy\" src=\"http:\/\/miroise.org\/mespages\/wp-content\/uploads\/2015\/05\/regionsdorigine-300x185.png\" alt=\"regionsdorigine\" width=\"300\" height=\"185\" class=\"alignnone size-medium wp-image-247\" srcset=\"http:\/\/miroise.org\/mespages\/wp-content\/uploads\/2015\/05\/regionsdorigine-300x185.png 300w, http:\/\/miroise.org\/mespages\/wp-content\/uploads\/2015\/05\/regionsdorigine.png 878w\" sizes=\"(max-width: 300px) 100vw, 300px\" \/><\/a><\/p>\n<p>\nSur les 600 \u00ab\u00a0premiers arrivants\u00a0\u00bb que comprend ma g\u00e9n\u00e9alogie, seulement 7 ne sont pas originaires de France, soit environ 1%. On peut donc dire que mes origines sont \u00e0 99% fran\u00e7aises.<\/p>\n<p>\nParmi ceux qui viennent d&rsquo;ailleurs que de la France, notons:<\/p>\n<ul>\n<li>DASILVA-Le Portugais, Pedro, de St-Julien De Lisbonne, Portugal.\n<li>D&rsquo;EDGE-L&rsquo;allemand, Georges, de Vienne, Autriche (Basse Allemagne \u00e0 l&rsquo;\u00e9poque).\n<li>MONIER Joseph, de Tournai, du Pays de Flandres (Belgique auj.).\n<li>OTIS Richard, de Glastonburg, Sommerset, Angleterre GB.\n<li>SHUAH (Shaw) Anna, du Pays de Galle.\n<li>VIOLI, Joseph Abel, d&rsquo;Italie, de la campagne de Mod\u00e8ne (de Fioli).\n<li>OUTCHIBAHABABOUKOUEOU, Marie, Algonquine, m\u00e8re d&rsquo;Olive SYLVESTRE MANITHABE8ICK qui \u00e9pousa Martin PROVOST.\n<\/ul>\n<p>\nDegr\u00e9s d&rsquo;apparentement et de consanguinit\u00e9 (confondus ici):<br \/>\nSur 11 g\u00e9n\u00e9rations, nous devrions avoir 2048 g\u00e9niteurs diff\u00e9rents (2 \u00e0 la puissance 11). Or, la BDD contient 1500 individus diff\u00e9rents.<br \/>\nC&rsquo;est donc dire que 548 g\u00e9niteurs ont contribu\u00e9 plus d&rsquo;une fois, ce qui correspond \u00e0 un degr\u00e9 de redondance approximatif de 27%.<\/p>\n<p>\n","protected":false},"excerpt":{"rendered":"<p>D&rsquo;o\u00f9 vinrent mes anc\u00eatres des deux branches, les Beaugrand et les Savaria ? Une compilation des lieux d&rsquo;origine des deux lign\u00e9es pour chacun des membres des couples montre que la tr\u00e8s grande majorit\u00e9 de nos anc\u00eatres \u00e9tait originaire de la France. Les r\u00e9gions d&rsquo;origine sont report\u00e9es sur la figure suivante. Ainsi, 32% viennent des Charentes [&hellip;]<\/p>\n","protected":false},"author":1,"featured_media":0,"parent":0,"menu_order":0,"comment_status":"open","ping_status":"open","template":"","meta":[],"_links":{"self":[{"href":"http:\/\/miroise.org\/mespages\/index.php\/wp-json\/wp\/v2\/pages\/33"}],"collection":[{"href":"http:\/\/miroise.org\/mespages\/index.php\/wp-json\/wp\/v2\/pages"}],"about":[{"href":"http:\/\/miroise.org\/mespages\/index.php\/wp-json\/wp\/v2\/types\/page"}],"author":[{"embeddable":true,"href":"http:\/\/miroise.org\/mespages\/index.php\/wp-json\/wp\/v2\/users\/1"}],"replies":[{"embeddable":true,"href":"http:\/\/miroise.org\/mespages\/index.php\/wp-json\/wp\/v2\/comments?post=33"}],"version-history":[{"count":3,"href":"http:\/\/miroise.org\/mespages\/index.php\/wp-json\/wp\/v2\/pages\/33\/revisions"}],"predecessor-version":[{"id":248,"href":"http:\/\/miroise.org\/mespages\/index.php\/wp-json\/wp\/v2\/pages\/33\/revisions\/248"}],"wp:attachment":[{"href":"http:\/\/miroise.org\/mespages\/index.php\/wp-json\/wp\/v2\/media?parent=33"}],"curies":[{"name":"wp","href":"https:\/\/api.w.org\/{rel}","templated":true}]}}