{"id":49,"date":"2015-05-10T21:26:13","date_gmt":"2015-05-10T15:26:13","guid":{"rendered":"http:\/\/beaugrandjacques.ca\/?page_id=49"},"modified":"2015-07-27T07:02:57","modified_gmt":"2015-07-27T01:02:57","slug":"patrilignage-beaugrand-dit-champagne","status":"publish","type":"page","link":"http:\/\/miroise.org\/mespages\/index.php\/patrilignage-beaugrand-dit-champagne\/","title":{"rendered":"Patrilignage BEAUGRAND-DIT-CHAMPAGNE"},"content":{"rendered":"<p>Le patrilignage est form\u00e9 par la lign\u00e9e des p\u00e8res. Elle comprend donc mon p\u00e8re, son p\u00e8re, le p\u00e8re de son p\u00e8re, et ainsi de suite en remontant jusqu&rsquo;au plus lointain homme connu de la lign\u00e9e des p\u00e8res d&rsquo;un individu.<\/p>\n<p>Ma lign\u00e9e des p\u00e8res connus, et bien entendu de mes fr\u00e8res et de ma soeur, est la suivante:<\/p>\n<ul>\n<li>BEAUGRAND Florent m: SAVARIA Albertine \u00e0 Montr\u00e9al le 1941-10-18<\/li>\n<li>BEAUGRAND Joseph m: DESLANDES-CHAMPIGNY \u00c9va \u00e0 St-Hyacinthe le 1907-05-06<\/li>\n<li>BEAUGRAND Paul-Napol\u00e9on m: CAYA Elmire \u00e0 Ste-Croix de Lotbini\u00e8re le 1879-05-27<\/li>\n<li>BEAUGRAND Jean-Baptiste m: DESROSIERS Rose-C\u00e9lina \u00e0 St-F\u00e9lix De Valois en 1851<\/li>\n<li>BEAUGRAND Jean-Baptiste m: BRANCONNIER Madeleine \u00e0 St-\u00c9lisabeth en 1826<\/li>\n<li>BEAUGRAND Jean-Baptiste m: HOUDE Genevi\u00e8ve \u00e0 Berthier en 1804<\/li>\n<li>BEAUGRAND Joseph m: GILBERT-COMTOIS Genevi\u00e8ve \u00e0 Berthier en 1775<\/li>\n<li>BEAUGRAND Pierre-Antoine m: DUBORD-LAFONTAINE Genevi\u00e8ve \u00e0 Lavaltrie en 1749<\/li>\n<li>BEAUGRAND Antoine m: COTTU Josephte \u00e0 St-Sulpice le 1726-04-29<\/li>\n<li>BEAUGRAND Jean m: GUIGNARD D&rsquo;OLONNE Fran\u00e7oise \u00e0 Berthier en 1697<\/li>\n<li>BOUGAREN BEAUGRAND-dit-CHAMPAGNE Jean m: SAMSON-P\u00c9NISSON Marguerite \u00e0 Sorel en 1670<\/li>\n<\/ul>\n<p>Le patriarche de cette lign\u00e9e est Jean BOUGUEREN \/BEAUGRAND est arriv\u00e9 avec le R\u00e9giment de Carignan (Compagnie de M. de Sorel).<\/p>\n<p>J&rsquo;ai retrouv\u00e9 plusieurs baptist\u00e8res de Jean\/Gean\/Johannes Beaugrand (Bougaren) n\u00e9 entre 1640 et 1643. L&rsquo;une des naissances suivantes pourrait \u00eatre la sienne :<\/p>\n<ul>\n<li>BEAUGRAND Barth\u00e9l\u00e9my m: BONGARS P\u00e9rette \u00e0 St-Germain en Laye, Yvelines, France m: 1633-02-14; dont le fils Jean BEAUGRAND est n\u00e9 le 13 ao\u00fbt 1641 \u00e0 Saint-Germain-en-Laye.<\/li>\n<li>BOUGARAN Louis, m: KERSCAVEN Anne, dont le fils BOUGARAN Jean est n\u00e9 le 21 novembre 1640 \u00e0 Ploudalm\u00e9zeau, Bretagne, France (le certificat est en Latin).<\/li>\n<li>BEAUGRAND Edn\u00e9e &amp; MICHELIN Thi\u00e9nette, dont le fils BEAUGRAND Jehan est n\u00e9 le 13 juillet 1642 \u00e0 St-Jacques-de-Troy, Troy, Champagne, France.<\/li>\n<li>parents de BEAUGRAND Jean, baptis\u00e9 ou n\u00e9 le 19 d\u00e9cembre 1641 \u00e0 Solre-Saint-G\u00e9ry, (auj. Belgique). Acte de naissance n\u00b0:102600002992709099, GENIWAL G\u00e9n\u00e9alogie Informatique Wallonie.<\/li>\n<\/ul>\n<p>L&rsquo;anc\u00eatre signe (de sa main) \u00a0\u00bb Gean Bougeren \u00a0\u00bb (greffe Adh\u00e9mar, 25-6-1676) et \u00a0\u00bb Gean Bouguer*n \u00a0\u00bb le 26-8-1699 lors d&rsquo;une convention priv\u00e9e avec Prudent Bougret. Le symbole * peut tenir lieu d&rsquo;un a, o, ou e. La lettre u a \u00e9t\u00e9 ajout\u00e9e apr\u00e8s le g dans BOUGEREN sans doute pour que son nom soit bien prononc\u00e9 en Nouvelle France. Autrement, Bougeren se prononce Boujeren en langue fran\u00e7aise. \u00c0 titre indicatif, en Bretagne, Bougeron aurait \u00e9t\u00e9 prononc\u00e9 Bougueron, mais Boujeron \u00e0 Paris, tout comme Bergeron se prononce Berjeron et non Bergueron.<\/p>\n<p>Voici sa signature manuscrite au greffe ADH\u00c9MAR, 25-6-1676<br \/>\n<a href=\"http:\/\/miroise.org\/mespages\/wp-content\/uploads\/2015\/05\/signatureGeanBougeren1.bmp\"><img decoding=\"async\" loading=\"lazy\" src=\"http:\/\/miroise.org\/mespages\/wp-content\/uploads\/2015\/05\/signatureGeanBougeren1.bmp\" alt=\"signatureGeanBougeren1\" width=\"198\" height=\"56\" class=\"alignnone size-full wp-image-190\" \/><\/a><\/p>\n<p>Des recherches sont en cours afin de retrouver la lign\u00e9e d&rsquo;hommes europ\u00e9ens qui est apparent\u00e9e \u00e0 celle des BEAUGRAND-dit-CHAMPAGNE des Am\u00e9riques. Nous proc\u00e9dons par comparaison des signatures fournies par le chromosome Y (ADN-Y).<\/p>\n","protected":false},"excerpt":{"rendered":"<p>Le patrilignage est form\u00e9 par la lign\u00e9e des p\u00e8res. Elle comprend donc mon p\u00e8re, son p\u00e8re, le p\u00e8re de son p\u00e8re, et ainsi de suite en remontant jusqu&rsquo;au plus lointain homme connu de la lign\u00e9e des p\u00e8res d&rsquo;un individu. Ma lign\u00e9e des p\u00e8res connus, et bien entendu de mes fr\u00e8res et de ma soeur, est [&hellip;]<\/p>\n","protected":false},"author":1,"featured_media":0,"parent":0,"menu_order":0,"comment_status":"closed","ping_status":"open","template":"","meta":[],"_links":{"self":[{"href":"http:\/\/miroise.org\/mespages\/index.php\/wp-json\/wp\/v2\/pages\/49"}],"collection":[{"href":"http:\/\/miroise.org\/mespages\/index.php\/wp-json\/wp\/v2\/pages"}],"about":[{"href":"http:\/\/miroise.org\/mespages\/index.php\/wp-json\/wp\/v2\/types\/page"}],"author":[{"embeddable":true,"href":"http:\/\/miroise.org\/mespages\/index.php\/wp-json\/wp\/v2\/users\/1"}],"replies":[{"embeddable":true,"href":"http:\/\/miroise.org\/mespages\/index.php\/wp-json\/wp\/v2\/comments?post=49"}],"version-history":[{"count":3,"href":"http:\/\/miroise.org\/mespages\/index.php\/wp-json\/wp\/v2\/pages\/49\/revisions"}],"predecessor-version":[{"id":191,"href":"http:\/\/miroise.org\/mespages\/index.php\/wp-json\/wp\/v2\/pages\/49\/revisions\/191"}],"wp:attachment":[{"href":"http:\/\/miroise.org\/mespages\/index.php\/wp-json\/wp\/v2\/media?parent=49"}],"curies":[{"name":"wp","href":"https:\/\/api.w.org\/{rel}","templated":true}]}}